{"id":3042,"date":"2019-03-31T10:54:31","date_gmt":"2019-03-31T08:54:31","guid":{"rendered":"https:\/\/kss2.zcu.cz\/?page_id=3042"},"modified":"2023-02-27T19:42:07","modified_gmt":"2023-02-27T18:42:07","slug":"uvod-2","status":"publish","type":"page","link":"https:\/\/kss.zcu.cz\/en\/","title":{"rendered":"Home"},"content":{"rendered":"<p>[et_pb_section fb_built=&#8221;1&#8243; _builder_version=&#8221;4.16&#8243; background_image=&#8221;https:\/\/kss.zcu.cz\/wp-content\/uploads\/2022\/07\/dsc00968.webp&#8221; module_alignment=&#8221;left&#8221; height=&#8221;80vh&#8221; height_tablet=&#8221;&#8221; height_phone=&#8221;400px&#8221; height_last_edited=&#8221;on|phone&#8221; custom_margin=&#8221;||||false|false&#8221; custom_padding=&#8221;||50px||false|false&#8221; global_colors_info=&#8221;{}&#8221;][et_pb_row column_structure=&#8221;1_2,1_2&#8243; module_class=&#8221;h1-box&#8221; _builder_version=&#8221;4.16&#8243; custom_padding=&#8221;0|0px|0|0px|false|false&#8221; global_colors_info=&#8221;{}&#8221;][et_pb_column type=&#8221;1_2&#8243; _builder_version=&#8221;4.16&#8243; custom_padding=&#8221;|||&#8221; global_colors_info=&#8221;{}&#8221; custom_padding__hover=&#8221;|||&#8221;][et_pb_text _builder_version=&#8221;4.19.4&#8243; text_font=&#8221;||||||||&#8221; header_font=&#8221;Roboto Condensed|700||on|||||&#8221; header_text_align=&#8221;left&#8221; header_text_color=&#8221;#ffffff&#8221; header_font_size=&#8221;35px&#8221; header_line_height=&#8221;44px&#8221; background_color=&#8221;#09b6d7&#8243; max_width_tablet=&#8221;&#8221; max_width_phone=&#8221;200px&#8221; max_width_last_edited=&#8221;on|desktop&#8221; module_alignment=&#8221;left&#8221; custom_margin=&#8221;0px|0px|0px|0px&#8221; custom_margin_tablet=&#8221;&#8221; custom_margin_phone=&#8221;||10px&#8221; custom_margin_last_edited=&#8221;on|desktop&#8221; custom_padding=&#8221;25px|30px|10px|30px|false|true&#8221; custom_padding_tablet=&#8221;&#8221; custom_padding_phone=&#8221;||15px&#8221; custom_padding_last_edited=&#8221;on|phone&#8221; header_font_size_tablet=&#8221;&#8221; header_font_size_phone=&#8221;18px&#8221; header_font_size_last_edited=&#8221;on|phone&#8221; header_line_height_tablet=&#8221;&#8221; header_line_height_phone=&#8221;20px&#8221; header_line_height_last_edited=&#8221;on|desktop&#8221; global_colors_info=&#8221;{}&#8221;]<\/p>\n<h1><span>The Department<br \/>of Sociology and Social Work<\/span><\/h1>\n<p>[\/et_pb_text][et_pb_text disabled_on=&#8221;on|off|off&#8221; _builder_version=&#8221;4.16&#8243; text_font=&#8221;||||||||&#8221; header_font=&#8221;Roboto Condensed|700||on|||||&#8221; header_text_align=&#8221;center&#8221; header_text_color=&#8221;#ffffff&#8221; header_font_size=&#8221;48px&#8221; header_line_height=&#8221;52px&#8221; background_color=&#8221;#ffffff&#8221; module_alignment=&#8221;left&#8221; custom_margin=&#8221;0px|0px|0px|0px&#8221; custom_padding=&#8221;15px|25px|15px|25px|true|true&#8221; global_colors_info=&#8221;{}&#8221;]<\/p>\n<p>Information for Erasmus students and visiting lecturers about our departments and courses.<\/p>\n<p>[\/et_pb_text][et_pb_button button_url=&#8221;#intro&#8221; button_text=&#8221;More information&#8221; button_alignment=&#8221;right&#8221; disabled_on=&#8221;on|off|off&#8221; _builder_version=&#8221;4.16&#8243; custom_button=&#8221;on&#8221; button_text_size=&#8221;18px&#8221; button_text_color=&#8221;#ffffff&#8221; button_bg_color=&#8221;#09b6d7&#8243; button_border_width=&#8221;0px&#8221; button_border_radius=&#8221;0px&#8221; button_font=&#8221;Roboto Condensed|700||on|||||&#8221; button_use_icon=&#8221;off&#8221; global_colors_info=&#8221;{}&#8221; button_bg_color__hover_enabled=&#8221;on&#8221; button_bg_color__hover=&#8221;#0ccce3&#8243;][\/et_pb_button][\/et_pb_column][et_pb_column type=&#8221;1_2&#8243; _builder_version=&#8221;4.16&#8243; custom_padding=&#8221;|||&#8221; global_colors_info=&#8221;{}&#8221; custom_padding__hover=&#8221;|||&#8221;][\/et_pb_column][\/et_pb_row][\/et_pb_section][et_pb_section fb_built=&#8221;1&#8243; module_id=&#8221;intro&#8221; _builder_version=&#8221;4.16&#8243; background_color=&#8221;#f2f5fa&#8221; custom_padding=&#8221;30px|0px|60px|0px|false|false&#8221; global_colors_info=&#8221;{}&#8221;][et_pb_row _builder_version=&#8221;4.16&#8243; custom_margin=&#8221;0px||0px||true|true&#8221; custom_margin_tablet=&#8221;&#8221; custom_margin_phone=&#8221;15px||5px&#8221; custom_margin_last_edited=&#8221;on|desktop&#8221; custom_padding=&#8221;10px||10px||false|true&#8221; global_colors_info=&#8221;{}&#8221;][et_pb_column type=&#8221;4_4&#8243; _builder_version=&#8221;4.16&#8243; custom_padding=&#8221;|||&#8221; global_colors_info=&#8221;{}&#8221; custom_padding__hover=&#8221;|||&#8221;][et_pb_text _builder_version=&#8221;4.16&#8243; text_font=&#8221;||||||||&#8221; header_2_font=&#8221;Roboto Condensed|||on|||||&#8221; header_2_text_align=&#8221;center&#8221; header_2_text_color=&#8221;#8099b4&#8243; header_2_font_size=&#8221;40px&#8221; header_2_line_height=&#8221;1.4em&#8221; custom_margin=&#8221;||&#8221; custom_padding=&#8221;||&#8221; header_2_font_size_tablet=&#8221;35px&#8221; header_2_font_size_phone=&#8221;30px&#8221; header_2_font_size_last_edited=&#8221;on|desktop&#8221; header_2_line_height_tablet=&#8221;40px&#8221; header_2_line_height_phone=&#8221;35px&#8221; header_2_line_height_last_edited=&#8221;on|phone&#8221; global_colors_info=&#8221;{}&#8221;]<\/p>\n<h2>Information for students<\/h2>\n<p>[\/et_pb_text][\/et_pb_column][\/et_pb_row][et_pb_row use_custom_gutter=&#8221;on&#8221; gutter_width=&#8221;2&#8243; make_equal=&#8221;on&#8221; padding_top_bottom_link_1=&#8221;true&#8221; padding_left_right_link_1=&#8221;true&#8221; padding_left_right_link_2=&#8221;true&#8221; module_class=&#8221;reverse&#8221; _builder_version=&#8221;4.16&#8243; custom_margin=&#8221;||||false|false&#8221; custom_padding=&#8221;15px||15px||true|true&#8221; global_colors_info=&#8221;{}&#8221;][et_pb_column type=&#8221;4_4&#8243; _builder_version=&#8221;4.16&#8243; background_color=&#8221;#ffffff&#8221; custom_padding=&#8221;40px|50px|40px|50px&#8221; custom_padding_tablet=&#8221;&#8221; custom_padding_phone=&#8221;20px|20px|20px|20px|true|true&#8221; custom_padding_last_edited=&#8221;on|phone&#8221; global_colors_info=&#8221;{}&#8221; custom_padding__hover=&#8221;|||&#8221;][et_pb_text _builder_version=&#8221;4.16&#8243; text_font=&#8221;||||||||&#8221; header_3_font=&#8221;Roboto Condensed|700||on|||||&#8221; header_3_text_color=&#8221;#8099b4&#8243; header_3_font_size=&#8221;26px&#8221; header_3_line_height=&#8221;1.2em&#8221; custom_padding=&#8221;||0px|||&#8221; header_3_font_size_tablet=&#8221;24px&#8221; header_3_font_size_phone=&#8221;22px&#8221; header_3_font_size_last_edited=&#8221;on|tablet&#8221; header_3_line_height_tablet=&#8221;1.2em&#8221; header_3_line_height_phone=&#8221;1.2em&#8221; header_3_line_height_last_edited=&#8221;on|desktop&#8221; locked=&#8221;off&#8221; global_colors_info=&#8221;{}&#8221;]<\/p>\n<h3>Introduction of our department<\/h3>\n<p>The Department of Sociology and Social Work promotes modern approaches to sociology, emphasizing the need for mastering both theoretical sociological knowledge and sociological methodology, including applied statistics and qualitative and quantitative data analysis. Our curriculum includes courses on both contemporary and classical sociological theory as well as practical and applied sociology. Our students are encouraged to work according to the principles of healthy methodological skepticism and paradigmatic tolerance. We offer both master\u2019s and bachelor\u2019s programs.\u00a0<\/p>\n<p>The scope of our research activities is quite extensive: the traditional Anglo-Saxon concept of social demography as a comprehensive field of study forms the basis for our inquiry into the domains of social inequalities and social mobility, education, religion, family life, kinship relations, life cycle and gender, urban sociology, sociology of health and illness, medical sociology, sociology of media, sociology of bureaucracy and formal organizations, sociology of the professions, sociology of public opinion and contemporary as well as classical sociological theory and historical sociology.<\/p>\n<p>With a spirit of collegiality governing them, our researchers, while working on their own, use various methods of data collection and analysis. Quantitative approach-based research relies on statistical analysis of data collected in a framework of extensive survey projects or gathered in population registers while using other methods, such as quantitative media content analysis. Ethnographic researchers use methods such as participant observation and interviews, while other colleagues base their work on critical discourse analysis or on the comparative historical method. Some faculty members have repeatedly used synergies provided by various methods of data collection and analysis or have cooperated on projects transcending traditional methodological barriers.<\/p>\n<p>[\/et_pb_text][\/et_pb_column][\/et_pb_row][et_pb_row _builder_version=&#8221;4.16&#8243; custom_margin=&#8221;0px||0px||true|true&#8221; custom_margin_tablet=&#8221;&#8221; custom_margin_phone=&#8221;15px||5px&#8221; custom_margin_last_edited=&#8221;on|desktop&#8221; custom_padding=&#8221;10px||10px||false|true&#8221; global_colors_info=&#8221;{}&#8221;][et_pb_column type=&#8221;4_4&#8243; _builder_version=&#8221;4.16&#8243; custom_padding=&#8221;|||&#8221; global_colors_info=&#8221;{}&#8221; custom_padding__hover=&#8221;|||&#8221;][et_pb_text _builder_version=&#8221;4.16&#8243; text_font=&#8221;||||||||&#8221; header_2_font=&#8221;Roboto Condensed|||on|||||&#8221; header_2_text_align=&#8221;center&#8221; header_2_text_color=&#8221;#8099b4&#8243; header_2_font_size=&#8221;40px&#8221; header_2_line_height=&#8221;1.4em&#8221; custom_margin=&#8221;||&#8221; custom_padding=&#8221;||&#8221; header_2_font_size_tablet=&#8221;35px&#8221; header_2_font_size_phone=&#8221;30px&#8221; header_2_font_size_last_edited=&#8221;on|desktop&#8221; header_2_line_height_tablet=&#8221;40px&#8221; header_2_line_height_phone=&#8221;35px&#8221; header_2_line_height_last_edited=&#8221;on|phone&#8221; global_colors_info=&#8221;{}&#8221;]<\/p>\n<h2>Information for students<\/h2>\n<p>[\/et_pb_text][\/et_pb_column][\/et_pb_row][et_pb_row column_structure=&#8221;1_2,1_2&#8243; use_custom_gutter=&#8221;on&#8221; gutter_width=&#8221;2&#8243; make_equal=&#8221;on&#8221; padding_top_bottom_link_1=&#8221;true&#8221; padding_left_right_link_1=&#8221;true&#8221; padding_left_right_link_2=&#8221;true&#8221; module_class=&#8221;reverse&#8221; _builder_version=&#8221;4.16&#8243; custom_margin=&#8221;||||false|false&#8221; custom_padding=&#8221;15px||15px||true|true&#8221; global_colors_info=&#8221;{}&#8221;][et_pb_column type=&#8221;1_2&#8243; _builder_version=&#8221;4.16&#8243; background_color=&#8221;#ffffff&#8221; custom_padding=&#8221;40px|50px|40px|50px&#8221; custom_padding_tablet=&#8221;&#8221; custom_padding_phone=&#8221;20px|20px|20px|20px|true|true&#8221; custom_padding_last_edited=&#8221;on|phone&#8221; global_colors_info=&#8221;{}&#8221; custom_padding__hover=&#8221;|||&#8221;][et_pb_text _builder_version=&#8221;4.16&#8243; text_font=&#8221;||||||||&#8221; header_3_font=&#8221;Roboto Condensed|700||on|||||&#8221; header_3_text_color=&#8221;#8099b4&#8243; header_3_font_size=&#8221;26px&#8221; header_3_line_height=&#8221;1.2em&#8221; custom_padding=&#8221;||0px|||&#8221; header_3_font_size_tablet=&#8221;24px&#8221; header_3_font_size_phone=&#8221;22px&#8221; header_3_font_size_last_edited=&#8221;on|tablet&#8221; header_3_line_height_tablet=&#8221;1.2em&#8221; header_3_line_height_phone=&#8221;1.2em&#8221; header_3_line_height_last_edited=&#8221;on|desktop&#8221; locked=&#8221;off&#8221; global_colors_info=&#8221;{}&#8221;]<\/p>\n<h3>Basic information<\/h3>\n<p>Buddy is an important source of information and will help you understand how both the university and the town are structured. Contact her before your arrival, as she\/he can point out to you where to find important buildings, offices, classrooms, people and informations.<\/p>\n<p>[\/et_pb_text][et_pb_text _builder_version=&#8221;4.16&#8243; text_font=&#8221;||||||||&#8221; header_3_font=&#8221;Roboto Condensed|700||on|||||&#8221; header_3_text_color=&#8221;#8099b4&#8243; header_3_font_size=&#8221;26px&#8221; header_3_line_height=&#8221;1.2em&#8221; custom_margin=&#8221;30px||||false|false&#8221; custom_padding=&#8221;||0px|||&#8221; header_3_font_size_tablet=&#8221;24px&#8221; header_3_font_size_phone=&#8221;22px&#8221; header_3_font_size_last_edited=&#8221;on|tablet&#8221; header_3_line_height_tablet=&#8221;1.2em&#8221; header_3_line_height_phone=&#8221;1.2em&#8221; header_3_line_height_last_edited=&#8221;on|desktop&#8221; locked=&#8221;off&#8221; global_colors_info=&#8221;{}&#8221;]<\/p>\n<h3>What to do upon arrival<\/h3>\n<p>Please first contact Student Office<\/p>\n<p>Door No. SO104<\/p>\n<p><a href=\"https:\/\/goo.gl\/maps\/eGQLBpfpNLEcKdRDA\" target=\"_blank\" rel=\"noopener noreferrer\">Sedl\u00e1\u010dkova 38 306 14 Plze\u0148<\/a><\/p>\n<p>She will register you as a student and sign you up for individual courses.<\/p>\n<p>[\/et_pb_text][et_pb_text _builder_version=&#8221;4.16&#8243; text_font=&#8221;||||||||&#8221; header_3_font=&#8221;Roboto Condensed|700||on|||||&#8221; header_3_text_color=&#8221;#8099b4&#8243; header_3_font_size=&#8221;26px&#8221; header_3_line_height=&#8221;1.2em&#8221; custom_margin=&#8221;30px||||false|false&#8221; custom_padding=&#8221;||0px|||&#8221; header_3_font_size_tablet=&#8221;24px&#8221; header_3_font_size_phone=&#8221;22px&#8221; header_3_font_size_last_edited=&#8221;on|tablet&#8221; header_3_line_height_tablet=&#8221;1.2em&#8221; header_3_line_height_phone=&#8221;1.2em&#8221; header_3_line_height_last_edited=&#8221;on|desktop&#8221; locked=&#8221;off&#8221; global_colors_info=&#8221;{}&#8221;]<\/p>\n<p class=\"TextA\"><em><strong>As soon as you have registered for the courses, please contact<\/strong><br \/><\/em><\/p>\n<p class=\"TextA\"><a href=\"https:\/\/www.zcu.cz\/cs\/Employees\/person.html?personId=1237\" target=\"_blank\" rel=\"noopener noreferrer\">Mgr. Alena Pa\u0159\u00edzkov\u00e1, PhD.<\/a><span>\u00a0<br \/><\/span>(Sociology department Erasmus coordinator)<\/p>\n<p class=\"TextA\">E-mail:\u00a0<a href=\"mailto:parizkov@kss.zcu.cz\"><span>parizkov@kss.zcu.cz<\/span><\/a><\/p>\n<p>[\/et_pb_text][\/et_pb_column][et_pb_column type=&#8221;1_2&#8243; _builder_version=&#8221;4.16&#8243; background_color=&#8221;#ffffff&#8221; custom_padding=&#8221;30px|30px|20px|30px&#8221; custom_padding_tablet=&#8221;&#8221; custom_padding_phone=&#8221;20px|10px||10px||true&#8221; custom_padding_last_edited=&#8221;on|desktop&#8221; global_colors_info=&#8221;{}&#8221; custom_padding__hover=&#8221;|||&#8221;][et_pb_text _builder_version=&#8221;4.16&#8243; text_font=&#8221;||||||||&#8221; header_3_font=&#8221;Roboto Condensed|700||on|||||&#8221; header_3_text_color=&#8221;#8099b4&#8243; header_3_font_size=&#8221;26px&#8221; header_3_line_height=&#8221;1.2em&#8221; custom_padding=&#8221;||0px|||&#8221; header_3_font_size_tablet=&#8221;24px&#8221; header_3_font_size_phone=&#8221;22px&#8221; header_3_font_size_last_edited=&#8221;on|tablet&#8221; header_3_line_height_tablet=&#8221;1.2em&#8221; header_3_line_height_phone=&#8221;1.2em&#8221; header_3_line_height_last_edited=&#8221;on|desktop&#8221; locked=&#8221;off&#8221; global_colors_info=&#8221;{}&#8221;]<\/p>\n<h3>Information about study<\/h3>\n<p>[\/et_pb_text][et_pb_button button_url=&#8221;https:\/\/kss.zcu.cz\/en\/social-work\/&#8221; url_new_window=&#8221;on&#8221; button_text=&#8221;Study of social work&#8221; button_alignment=&#8221;left&#8221; disabled_on=&#8221;off|off|off&#8221; _builder_version=&#8221;4.16&#8243; custom_button=&#8221;on&#8221; button_text_size=&#8221;18px&#8221; button_text_color=&#8221;#FFFFFF&#8221; button_bg_color=&#8221;#09b6d7&#8243; button_border_width=&#8221;2px&#8221; button_border_color=&#8221;#09b6d7&#8243; button_border_radius=&#8221;0px&#8221; button_font=&#8221;|700||on|||||&#8221; button_use_icon=&#8221;off&#8221; custom_margin=&#8221;30px||||false|false&#8221; custom_padding=&#8221;6px|30px|6px|30px|true|true&#8221; locked=&#8221;off&#8221; global_colors_info=&#8221;{}&#8221; button_bg_color__hover_enabled=&#8221;on|hover&#8221; button_bg_color__hover=&#8221;#0ccce3&#8243; button_text_color__hover_enabled=&#8221;on&#8221; button_text_color__hover=&#8221;#ffffff&#8221; button_border_color__hover_enabled=&#8221;on&#8221; button_border_color__hover=&#8221;#0ccce3&#8243;]<br \/>\n[\/et_pb_button][et_pb_button button_url=&#8221;https:\/\/kss.zcu.cz\/en\/courses\/&#8221; url_new_window=&#8221;on&#8221; button_text=&#8221;Courses for students&#8221; button_alignment=&#8221;left&#8221; disabled_on=&#8221;off|off|off&#8221; _builder_version=&#8221;4.16&#8243; custom_button=&#8221;on&#8221; button_text_size=&#8221;18px&#8221; button_text_color=&#8221;#FFFFFF&#8221; button_bg_color=&#8221;#09b6d7&#8243; button_border_width=&#8221;2px&#8221; button_border_color=&#8221;#09b6d7&#8243; button_border_radius=&#8221;0px&#8221; button_font=&#8221;|700||on|||||&#8221; button_use_icon=&#8221;off&#8221; custom_margin=&#8221;30px||||false|false&#8221; custom_padding=&#8221;6px|30px|6px|30px|true|true&#8221; locked=&#8221;off&#8221; global_colors_info=&#8221;{}&#8221; button_bg_color__hover_enabled=&#8221;on|hover&#8221; button_bg_color__hover=&#8221;#0ccce3&#8243; button_text_color__hover_enabled=&#8221;on&#8221; button_text_color__hover=&#8221;#ffffff&#8221; button_border_color__hover_enabled=&#8221;on&#8221; button_border_color__hover=&#8221;#0ccce3&#8243;]<br \/>\n[\/et_pb_button][et_pb_button button_url=&#8221;https:\/\/old.zcu.cz\/en\/ects\/ECTS_Part1\/studijni-predmety\/ff\/&#8221; url_new_window=&#8221;on&#8221; button_text=&#8221;All courses on our faculty&#8221; button_alignment=&#8221;left&#8221; disabled_on=&#8221;on|off|off&#8221; _builder_version=&#8221;4.16&#8243; custom_button=&#8221;on&#8221; button_text_size=&#8221;18px&#8221; button_text_color=&#8221;#09b6d7&#8243; button_bg_color=&#8221;rgba(255,255,255,0)&#8221; button_border_width=&#8221;2px&#8221; button_border_color=&#8221;#09b6d7&#8243; button_border_radius=&#8221;0px&#8221; button_font=&#8221;Open Sans|700||on|||||&#8221; button_use_icon=&#8221;off&#8221; custom_margin=&#8221;30px||||false|false&#8221; custom_padding=&#8221;6px|30px|6px|30px|true|true&#8221; global_colors_info=&#8221;{}&#8221; button_bg_color__hover_enabled=&#8221;on&#8221; button_bg_color__hover=&#8221;#0ccce3&#8243; button_text_color__hover_enabled=&#8221;on&#8221; button_text_color__hover=&#8221;#ffffff&#8221; button_border_color__hover_enabled=&#8221;on&#8221; button_border_color__hover=&#8221;#0ccce3&#8243;][\/et_pb_button][et_pb_text _builder_version=&#8221;4.16&#8243; _module_preset=&#8221;default&#8221; global_colors_info=&#8221;{}&#8221;]<\/p>\n<p><span><div class=\"_df_thumb \" id=\"df_4464\"  wpoptions=\"true\" thumb=\"https:\/\/kss.zcu.cz\/wp-content\/uploads\/2022\/09\/social-work.png\" >Social work &#8211; Erasmus<\/div><script data-cfasync=\"false\">var option_df_4464 = {\"outline\":[],\"forceFit\":\"true\",\"autoEnableOutline\":\"false\",\"autoEnableThumbnail\":\"false\",\"overwritePDFOutline\":\"false\",\"direction\":\"1\",\"pageMode\":\"0\",\"source\":\"https:\\\/\\\/kss.zcu.cz\\\/wp-content\\\/uploads\\\/2023\\\/01\\\/erasmus-online.pdf\",\"wpOptions\":\"true\"}; if(window.DFLIP && DFLIP.parseBooks){DFLIP.parseBooks();}<\/script><\/span><\/p>\n<p>[\/et_pb_text][\/et_pb_column][\/et_pb_row][\/et_pb_section]<\/p>\n","protected":false},"excerpt":{"rendered":"<p>The Departmentof Sociology and Social WorkInformation for Erasmus students and visiting lecturers about our departments and courses.Information for studentsIntroduction of our department The Department of Sociology and Social Work promotes modern approaches to sociology, emphasizing the need for mastering both theoretical sociological knowledge and sociological methodology, including applied statistics and qualitative and quantitative data analysis. [&hellip;]<\/p>\n","protected":false},"author":1,"featured_media":0,"parent":0,"menu_order":0,"comment_status":"closed","ping_status":"closed","template":"","meta":{"_et_pb_use_builder":"on","_et_pb_old_content":"","_et_gb_content_width":""},"acf":[],"_links":{"self":[{"href":"https:\/\/kss.zcu.cz\/en\/wp-json\/wp\/v2\/pages\/3042"}],"collection":[{"href":"https:\/\/kss.zcu.cz\/en\/wp-json\/wp\/v2\/pages"}],"about":[{"href":"https:\/\/kss.zcu.cz\/en\/wp-json\/wp\/v2\/types\/page"}],"author":[{"embeddable":true,"href":"https:\/\/kss.zcu.cz\/en\/wp-json\/wp\/v2\/users\/1"}],"replies":[{"embeddable":true,"href":"https:\/\/kss.zcu.cz\/en\/wp-json\/wp\/v2\/comments?post=3042"}],"version-history":[{"count":0,"href":"https:\/\/kss.zcu.cz\/en\/wp-json\/wp\/v2\/pages\/3042\/revisions"}],"wp:attachment":[{"href":"https:\/\/kss.zcu.cz\/en\/wp-json\/wp\/v2\/media?parent=3042"}],"curies":[{"name":"wp","href":"https:\/\/api.w.org\/{rel}","templated":true}]}}